{"id":160,"date":"2023-10-11T12:51:57","date_gmt":"2023-10-11T12:51:57","guid":{"rendered":"https:\/\/fiberboards.ictserviceommen.nl\/lieferprogramm\/"},"modified":"2023-11-27T09:17:52","modified_gmt":"2023-11-27T09:17:52","slug":"lieferprogramm","status":"publish","type":"page","link":"https:\/\/fiberboards.ictserviceommen.nl\/de\/lieferprogramm\/","title":{"rendered":"Lieferprogramm"},"content":{"rendered":"<div id='layer_slider_1'  class='avia-layerslider main_color avia-shadow  avia-builder-el-0  el_before_av_textblock  avia-builder-el-first  container_wrap fullsize'  style='height: 226px; max-width: 1280px; margin: 0 auto;'  ><\/div><div id='after_layer_slider_1'  class='main_color av_default_container_wrap container_wrap fullsize'  ><div class='container av-section-cont-open' ><div class='template-page content  av-content-full alpha units'><div class='post-entry post-entry-type-page post-entry-160'><div class='entry-content-wrapper clearfix'>\n<section  class='av_textblock_section av-lnlr473e-b38fbb09890360e2dd43b79c65a7ff99 '   itemscope=\"itemscope\" itemtype=\"https:\/\/schema.org\/CreativeWork\" ><div class='avia_textblock'  itemprop=\"text\" ><table width=\"90%\" align=\"center\">\n<tbody>\n<tr>\n<td align=\"center\">\n<div align=\"center\"><span style=\"color: black; font-size: x-large;\">LIEFERPROGRAMM<\/span><\/div>\n<\/td>\n<\/tr>\n<tr>\n<td>\n<div><\/div>\n<\/td>\n<\/tr>\n<\/tbody>\n<\/table>\n<table width=\"90%\" align=\"center\">\n<tbody>\n<tr>\n<td valign=\"top\" width=\"2%\"><img loading=\"lazy\" decoding=\"async\" src=\"http:\/\/www.fiberboards.eu\/images\/wooddot.gif\" width=\"18\" height=\"19\" border=\"0\" \/><\/td>\n<td colspan=\"3\">\n<div><span style=\"color: black; font-size: medium;\">HARTFASER<\/span><\/div>\n<\/td>\n<td><\/td>\n<td><\/td>\n<\/tr>\n<tr>\n<td width=\"2%\"><img decoding=\"async\" src=\"http:\/\/www.fiberboards.eu\/images\/space.gif\" \/><\/td>\n<td colspan=\"3\">\n<div><span style=\"font-size: medium;\">Standard Hartfaserplatten in Presseformate, in Fu\u00dfma\u00dfen oder ma\u00dfgeschneidert in verschiedene St\u00e4rken (1.6 bis zum 8 mm) Eventuell auch doppelt verleimt m\u00f6glich.<\/span><\/div>\n<\/td>\n<td><\/td>\n<td><\/td>\n<\/tr>\n<tr>\n<td width=\"2%\"><img decoding=\"async\" src=\"http:\/\/www.fiberboards.eu\/images\/space.gif\" \/><\/td>\n<td width=\"2%\"><img decoding=\"async\" src=\"http:\/\/www.fiberboards.eu\/images\/space.gif\" \/><\/td>\n<td valign=\"top\" width=\"2%\">\n<div><span style=\"font-size: small;\">1.<\/span><\/div>\n<\/td>\n<td>\n<div><span style=\"font-size: small;\">Hartfaserplatten ma\u00dfgeschneidert. Max. 3660 x 2140. Presseformate bis zum 6100 x 2140.<\/span><\/div>\n<\/td>\n<\/tr>\n<tr>\n<td width=\"2%\"><img decoding=\"async\" src=\"http:\/\/www.fiberboards.eu\/images\/space.gif\" \/><\/td>\n<td width=\"2%\"><img decoding=\"async\" src=\"http:\/\/www.fiberboards.eu\/images\/space.gif\" \/><\/td>\n<td valign=\"top\" width=\"2%\">\n<div><span style=\"font-size: small;\">2.<\/span><\/div>\n<\/td>\n<td>\n<div><span style=\"font-size: small;\">Lackierte Hartfaserplatten in vielen Farben und Strukturen. Maximal 3050 x 2050 mm. Lieferbar auch als Fliesenstruktur in 2440 x 1220.<\/span><\/div>\n<\/td>\n<\/tr>\n<tr>\n<td width=\"2%\"><img decoding=\"async\" src=\"http:\/\/www.fiberboards.eu\/images\/space.gif\" \/><\/td>\n<td width=\"2%\"><img decoding=\"async\" src=\"http:\/\/www.fiberboards.eu\/images\/space.gif\" \/><\/td>\n<td valign=\"top\" width=\"2%\">\n<div><span style=\"font-size: small;\">3.<\/span><\/div>\n<\/td>\n<td>\n<div><span style=\"font-size: small;\">Auf Wunsch spezielle Bearbeitungen m\u00f6glich, wie z.B. Ronden und Scheiben sowie Platten versehen von Faltrillen f\u00fcr unter anderem Dosen und Kisten.<\/span><\/div>\n<\/td>\n<\/tr>\n<tr>\n<td width=\"2%\"><img decoding=\"async\" src=\"http:\/\/www.fiberboards.eu\/images\/space.gif\" \/><\/td>\n<td width=\"2%\"><img decoding=\"async\" src=\"http:\/\/www.fiberboards.eu\/images\/space.gif\" \/><\/td>\n<td valign=\"top\" width=\"2%\">\n<div><span style=\"font-size: small;\">4.<\/span><\/div>\n<\/td>\n<td>\n<div><span style=\"font-size: small;\">Perforierte Hartfaserplatten in Natur und Wei\u00df.<\/span><\/div>\n<\/td>\n<\/tr>\n<\/tbody>\n<\/table>\n<table width=\"90%\" align=\"center\">\n<tbody>\n<tr>\n<td valign=\"top\" width=\"2%\"><img loading=\"lazy\" decoding=\"async\" src=\"http:\/\/www.fiberboards.eu\/images\/wooddot.gif\" width=\"18\" height=\"19\" border=\"0\" \/><\/td>\n<td colspan=\"3\">\n<div><span style=\"color: black; font-size: medium;\">HDF \/ MDF<\/span><\/div>\n<\/td>\n<td><\/td>\n<td><\/td>\n<\/tr>\n<tr>\n<td width=\"2%\"><img decoding=\"async\" src=\"http:\/\/www.fiberboards.eu\/images\/space.gif\" \/><\/td>\n<td colspan=\"3\">\n<div><span style=\"font-size: medium;\">HDF \/ MDF von 2 bis zum 38 mm.<\/span><\/div>\n<\/td>\n<td><\/td>\n<td><\/td>\n<\/tr>\n<tr>\n<td width=\"2%\"><img decoding=\"async\" src=\"http:\/\/www.fiberboards.eu\/images\/space.gif\" \/><\/td>\n<td width=\"2%\"><img decoding=\"async\" src=\"http:\/\/www.fiberboards.eu\/images\/space.gif\" \/><\/td>\n<td valign=\"top\" width=\"2%\">\n<div><span style=\"font-size: small;\">1.<\/span><\/div>\n<\/td>\n<td>\n<div><span style=\"font-size: small;\">Formate 2800 x 2200, 4250 x 2200, 2440 x 1220, 3660 x 1870 als Standardabmessungen. Pressebreite maximal 2200 mm.<\/span><\/div>\n<\/td>\n<\/tr>\n<tr>\n<td width=\"2%\"><img decoding=\"async\" src=\"http:\/\/www.fiberboards.eu\/images\/space.gif\" \/><\/td>\n<td width=\"2%\"><img decoding=\"async\" src=\"http:\/\/www.fiberboards.eu\/images\/space.gif\" \/><\/td>\n<td valign=\"top\" width=\"2%\">\n<div><span style=\"font-size: small;\">2.<\/span><\/div>\n<\/td>\n<td>\n<div><span style=\"font-size: small;\">Ma\u00dfgeschneidert m\u00f6glich, Mindesmenge 300 m<sup>3<\/sup>.<\/span><\/div>\n<\/td>\n<\/tr>\n<tr>\n<td width=\"2%\"><img decoding=\"async\" src=\"http:\/\/www.fiberboards.eu\/images\/space.gif\" \/><\/td>\n<td width=\"2%\"><img decoding=\"async\" src=\"http:\/\/www.fiberboards.eu\/images\/space.gif\" \/><\/td>\n<td valign=\"top\" width=\"2%\">\n<div><span style=\"font-size: small;\">3.<\/span><\/div>\n<\/td>\n<td>\n<div><span style=\"font-size: small;\">Melaminiertes HDF \/ MDF.<\/span><\/div>\n<\/td>\n<\/tr>\n<tr>\n<td width=\"2%\"><img decoding=\"async\" src=\"http:\/\/www.fiberboards.eu\/images\/space.gif\" \/><\/td>\n<td width=\"2%\"><img decoding=\"async\" src=\"http:\/\/www.fiberboards.eu\/images\/space.gif\" \/><\/td>\n<td valign=\"top\" width=\"2%\">\n<div><span style=\"font-size: small;\">4.<\/span><\/div>\n<\/td>\n<td>\n<div><span style=\"font-size: small;\">Lackierqualit\u00e4t MDF.<\/span><\/div>\n<\/td>\n<\/tr>\n<tr>\n<td width=\"2%\"><img decoding=\"async\" src=\"http:\/\/www.fiberboards.eu\/images\/space.gif\" \/><\/td>\n<td width=\"2%\"><img decoding=\"async\" src=\"http:\/\/www.fiberboards.eu\/images\/space.gif\" \/><\/td>\n<td valign=\"top\" width=\"2%\">\n<div><span style=\"font-size: small;\">5.<\/span><\/div>\n<\/td>\n<td>\n<div><span style=\"font-size: small;\">MDF V100 wasserfest verleimt.<\/span><\/div>\n<\/td>\n<\/tr>\n<\/tbody>\n<\/table>\n<table width=\"90%\" align=\"center\">\n<tbody>\n<tr>\n<td valign=\"top\" width=\"2%\"><img loading=\"lazy\" decoding=\"async\" src=\"http:\/\/www.fiberboards.eu\/images\/wooddot.gif\" width=\"18\" height=\"19\" border=\"0\" \/><\/td>\n<td colspan=\"3\">\n<div><span style=\"color: black; font-size: medium;\">D\u00c4MMPLATTEN<\/span><\/div>\n<\/td>\n<td><\/td>\n<td><\/td>\n<\/tr>\n<tr>\n<td width=\"2%\"><img decoding=\"async\" src=\"http:\/\/www.fiberboards.eu\/images\/space.gif\" \/><\/td>\n<td colspan=\"3\">\n<div><span style=\"font-size: medium;\">Holzfaserd\u00e4mmplatten in natur und impr\u00e4gniert in viele verschiedene St\u00e4rken und Densit\u00e4ten.<\/span><\/div>\n<\/td>\n<td><\/td>\n<td><\/td>\n<\/tr>\n<tr>\n<td width=\"2%\"><img decoding=\"async\" src=\"http:\/\/www.fiberboards.eu\/images\/space.gif\" \/><\/td>\n<td width=\"2%\"><img decoding=\"async\" src=\"http:\/\/www.fiberboards.eu\/images\/space.gif\" \/><\/td>\n<td valign=\"top\" width=\"2%\">\n<div><span style=\"font-size: small;\">1.<\/span><\/div>\n<\/td>\n<td>\n<div><span style=\"font-size: small;\">4, 5, 6, 7 oder 9.5 mm D\u00e4mm Unterbodenplatten, verpackt mit oder ohne ihr eigenes Faltblatt. Abmessungen und Mengen pro Pakete nach Kundenwunsch.<\/span><\/div>\n<\/td>\n<\/tr>\n<tr>\n<td width=\"2%\"><img decoding=\"async\" src=\"http:\/\/www.fiberboards.eu\/images\/space.gif\" \/><\/td>\n<td width=\"2%\"><img decoding=\"async\" src=\"http:\/\/www.fiberboards.eu\/images\/space.gif\" \/><\/td>\n<td valign=\"top\" width=\"2%\">\n<div><span style=\"font-size: small;\">2.<\/span><\/div>\n<\/td>\n<td>\n<div><span style=\"font-size: small;\">Holzfaserd\u00e4mmplatten mit einer niedrigen Densit\u00e4t, z.B. f\u00fcr die Packungsindustrie, Viehboxen in Flugzeuge, oder L\u00e4rmschutz in den Bau.<\/span><\/div>\n<\/td>\n<\/tr>\n<\/tbody>\n<\/table>\n<table width=\"90%\" align=\"center\">\n<tbody>\n<tr>\n<td valign=\"top\" width=\"2%\"><img loading=\"lazy\" decoding=\"async\" src=\"http:\/\/www.fiberboards.eu\/images\/wooddot.gif\" width=\"18\" height=\"19\" border=\"0\" \/><\/td>\n<td colspan=\"3\">\n<div><span style=\"color: black; font-size: medium;\">SPERRHOLZ<\/span><\/div>\n<\/td>\n<td><\/td>\n<td><\/td>\n<\/tr>\n<tr>\n<td width=\"2%\"><img decoding=\"async\" src=\"http:\/\/www.fiberboards.eu\/images\/space.gif\" \/><\/td>\n<td colspan=\"3\">\n<div><span style=\"font-size: medium;\">Verschiedene Qualit\u00e4ten und Holzarten.<\/span><\/div>\n<\/td>\n<td><\/td>\n<td><\/td>\n<\/tr>\n<tr>\n<td width=\"2%\"><img decoding=\"async\" src=\"http:\/\/www.fiberboards.eu\/images\/space.gif\" \/><\/td>\n<td width=\"2%\"><img decoding=\"async\" src=\"http:\/\/www.fiberboards.eu\/images\/space.gif\" \/><\/td>\n<td valign=\"top\" width=\"2%\">\n<div><span style=\"font-size: small;\">1.<\/span><\/div>\n<\/td>\n<td>\n<div><span style=\"font-size: small;\">Betonsperrholz in 2500 x 1250 \/ 1250 x 2500 von 4 bis zum 27 mm oder 3000 x 1500 \/ 1500 x 3000(18 und 21 mm). M\u00f6glich in Hartholz Combi, Birken Combi und Birken durch und durch.<\/span><\/div>\n<\/td>\n<\/tr>\n<tr>\n<td width=\"2%\"><img decoding=\"async\" src=\"http:\/\/www.fiberboards.eu\/images\/space.gif\" \/><\/td>\n<td width=\"2%\"><img decoding=\"async\" src=\"http:\/\/www.fiberboards.eu\/images\/space.gif\" \/><\/td>\n<td valign=\"top\" width=\"2%\">\n<div><span style=\"font-size: small;\">2.<\/span><\/div>\n<\/td>\n<td>\n<div><span style=\"font-size: small;\">Antirutschfestes Sperrholz in 2500 x 1250 \/ 1250 x 2500 von 9 bis zum 30 mm oder 3000 x 1500 \/ 1500 x 3000 (15, 18 und 21 mm). M\u00f6glich in Hartholz Combi und Birken durch und durch.<\/span><\/div>\n<\/td>\n<\/tr>\n<tr>\n<td width=\"2%\"><img decoding=\"async\" src=\"http:\/\/www.fiberboards.eu\/images\/space.gif\" \/><\/td>\n<td width=\"2%\"><img decoding=\"async\" src=\"http:\/\/www.fiberboards.eu\/images\/space.gif\" \/><\/td>\n<td valign=\"top\" width=\"2%\">\n<div><span style=\"font-size: small;\">3.<\/span><\/div>\n<\/td>\n<td>\n<div><span style=\"font-size: small;\">Hartholz Sperrholz d&amp;d, 2500x 1250 von 3,6 bis zum 24 mm und in 3050 x 1525 von 6 bis zum 22 mm.<\/span><\/div>\n<\/td>\n<\/tr>\n<tr>\n<td width=\"2%\"><img decoding=\"async\" src=\"http:\/\/www.fiberboards.eu\/images\/space.gif\" \/><\/td>\n<td width=\"2%\"><img decoding=\"async\" src=\"http:\/\/www.fiberboards.eu\/images\/space.gif\" \/><\/td>\n<td valign=\"top\" width=\"2%\">\n<div><span style=\"font-size: small;\">4.<\/span><\/div>\n<\/td>\n<td>\n<div><span style=\"font-size: small;\">Kiefer combi und twin Sperrholz 2500 x 1250 in 9 bis zum 25 mm.<\/span><\/div>\n<\/td>\n<\/tr>\n<\/tbody>\n<\/table>\n<table width=\"90%\" align=\"center\">\n<tbody>\n<tr>\n<td valign=\"top\" width=\"2%\"><img loading=\"lazy\" decoding=\"async\" src=\"http:\/\/www.fiberboards.eu\/images\/wooddot.gif\" width=\"18\" height=\"19\" border=\"0\" \/><\/td>\n<td colspan=\"3\">\n<div><span style=\"color: black; font-size: medium;\">SPANPLATTEN<\/span><\/div>\n<\/td>\n<td><\/td>\n<td><\/td>\n<\/tr>\n<tr>\n<td width=\"2%\"><img decoding=\"async\" src=\"http:\/\/www.fiberboards.eu\/images\/space.gif\" \/><\/td>\n<td colspan=\"3\">\n<div><span style=\"font-size: medium;\">Spannplatten in verschieden Qualit\u00e4ten, St\u00e4rken und Abmessungen.<\/span><\/div>\n<\/td>\n<td><\/td>\n<td><\/td>\n<\/tr>\n<tr>\n<td width=\"2%\"><img decoding=\"async\" src=\"http:\/\/www.fiberboards.eu\/images\/space.gif\" \/><\/td>\n<td width=\"2%\"><img decoding=\"async\" src=\"http:\/\/www.fiberboards.eu\/images\/space.gif\" \/><\/td>\n<td valign=\"top\" width=\"2%\">\n<div><span style=\"font-size: small;\">1.<\/span><\/div>\n<\/td>\n<td>\n<div><span style=\"font-size: small;\">Rohspanplatten, mit einer Pressebreite von 2400 bis 2600.<\/span><\/div>\n<\/td>\n<\/tr>\n<tr>\n<td width=\"2%\"><img decoding=\"async\" src=\"http:\/\/www.fiberboards.eu\/images\/space.gif\" \/><\/td>\n<td width=\"2%\"><img decoding=\"async\" src=\"http:\/\/www.fiberboards.eu\/images\/space.gif\" \/><\/td>\n<td valign=\"top\" width=\"2%\">\n<div><span style=\"font-size: small;\">2.<\/span><\/div>\n<\/td>\n<td>\n<div><span style=\"font-size: small;\">Ma\u00dfgeschneidert m\u00f6glich.<\/span><\/div>\n<\/td>\n<\/tr>\n<tr>\n<td width=\"2%\"><img decoding=\"async\" src=\"http:\/\/www.fiberboards.eu\/images\/space.gif\" \/><\/td>\n<td width=\"2%\"><img decoding=\"async\" src=\"http:\/\/www.fiberboards.eu\/images\/space.gif\" \/><\/td>\n<td valign=\"top\" width=\"2%\">\n<div><span style=\"font-size: small;\">3.<\/span><\/div>\n<\/td>\n<td>\n<div><span style=\"font-size: small;\">Melaminharzbeschichtete Spannplatten in viel verschiedene Farben, Strukturen und Oberfl\u00e4chen.<\/span><\/div>\n<\/td>\n<\/tr>\n<\/tbody>\n<\/table>\n<table width=\"90%\" align=\"center\">\n<tbody>\n<tr>\n<td valign=\"top\" width=\"2%\"><img loading=\"lazy\" decoding=\"async\" src=\"http:\/\/www.fiberboards.eu\/images\/wooddot.gif\" width=\"18\" height=\"19\" border=\"0\" \/><\/td>\n<td colspan=\"3\">\n<div><span style=\"color: black; font-size: medium;\">HPL Hartkunststoff<\/span><\/div>\n<\/td>\n<td><\/td>\n<td><\/td>\n<\/tr>\n<tr>\n<td width=\"2%\"><img decoding=\"async\" src=\"http:\/\/www.fiberboards.eu\/images\/space.gif\" \/><\/td>\n<td colspan=\"3\">\n<div><span style=\"font-size: medium;\">Lamicolor HPL 2440 x 1220, 2800 \/ 3050 \/ 4200\/ x 1300, 4200 x 1610. In Harz getr\u00e4nktes Papier, dass unter hohen Druck und mit hohen Temperaturen zu einem sehr stabilen, dekorativen und enorm harten Material gepresst wird.<\/span><\/div>\n<\/td>\n<td><\/td>\n<td><\/td>\n<\/tr>\n<tr>\n<td width=\"2%\"><img decoding=\"async\" src=\"http:\/\/www.fiberboards.eu\/images\/space.gif\" \/><\/td>\n<td width=\"2%\"><img decoding=\"async\" src=\"http:\/\/www.fiberboards.eu\/images\/space.gif\" \/><\/td>\n<td valign=\"top\" width=\"2%\">\n<div><span style=\"font-size: small;\">1.<\/span><\/div>\n<\/td>\n<td>\n<div><span style=\"font-size: small;\">Laminat Standard von 0,55 bis zum 1,8 mm oder in Biegef\u00e4hige Qualit\u00e4t in 0,55 0,7 oder 0,9 mm. In etwa 500 verschiedene Unifarben, Dekore und Holzmuster die in etwa 20 Strukturen lieferbar sind. F\u00fcr M\u00f6belindustrie, K\u00fcchen und Anrichte, Trennw\u00e4nde usw.<\/span><\/div>\n<\/td>\n<\/tr>\n<tr>\n<td width=\"2%\"><img decoding=\"async\" src=\"http:\/\/www.fiberboards.eu\/images\/space.gif\" \/><\/td>\n<td width=\"2%\"><img decoding=\"async\" src=\"http:\/\/www.fiberboards.eu\/images\/space.gif\" \/><\/td>\n<td valign=\"top\" width=\"2%\">\n<div><span style=\"font-size: small;\">2.<\/span><\/div>\n<\/td>\n<td>\n<div><span style=\"font-size: small;\">Gegenzug wei\u00df, naturell (Phenol) oder naturell mit Overlay. Als billige L\u00f6sung f\u00fcr nicht sichtbare R\u00fcckseiten von mit normales Laminat beschichtetem Material. Wird meistens benutzt um die Stabilit\u00e4t des urspr\u00fcnglichen Materials zu gew\u00e4hrleisten.<\/span><\/div>\n<\/td>\n<\/tr>\n<tr>\n<td width=\"2%\"><img decoding=\"async\" src=\"http:\/\/www.fiberboards.eu\/images\/space.gif\" \/><\/td>\n<td width=\"2%\"><img decoding=\"async\" src=\"http:\/\/www.fiberboards.eu\/images\/space.gif\" \/><\/td>\n<td valign=\"top\" width=\"2%\">\n<div><span style=\"font-size: small;\">3.<\/span><\/div>\n<\/td>\n<td>\n<div><span style=\"font-size: small;\">Metall laminat 0,9 mm. Dekorative, mit Aluminium beschichtete Platten, in verschiedene Farben und Strukturen.<\/span><\/div>\n<\/td>\n<\/tr>\n<tr>\n<td width=\"2%\"><img decoding=\"async\" src=\"http:\/\/www.fiberboards.eu\/images\/space.gif\" \/><\/td>\n<td width=\"2%\"><img decoding=\"async\" src=\"http:\/\/www.fiberboards.eu\/images\/space.gif\" \/><\/td>\n<td valign=\"top\" width=\"2%\">\n<div><span style=\"font-size: small;\">4.<\/span><\/div>\n<\/td>\n<td>\n<div><span style=\"font-size: small;\">Hartfaser mit HPL Oberfl\u00e4che. Preiswerte L\u00f6sung als Massivplatte f\u00fcr M\u00f6belindustrie oder Caravanbau. Da die Oberfl\u00e4che h\u00e4rter ist als Melamin und das Material nicht dicker als 2,5 &#8211; 4 mm ist es sehr geeignet als R\u00fcck- oder Seitenwand.<\/span><\/div>\n<\/td>\n<\/tr>\n<tr>\n<td width=\"2%\"><img decoding=\"async\" src=\"http:\/\/www.fiberboards.eu\/images\/space.gif\" \/><\/td>\n<td width=\"2%\"><img decoding=\"async\" src=\"http:\/\/www.fiberboards.eu\/images\/space.gif\" \/><\/td>\n<td valign=\"top\" width=\"2%\">\n<div><span style=\"font-size: small;\">5.<\/span><\/div>\n<\/td>\n<td>\n<div><span style=\"font-size: small;\">Compact Interieur (von 2,0 bis zum 30,0 mm). Durch die Stabilit\u00e4t, die S\u00e4ure- und Kratzerbest\u00e4ndigkeit der Platten sind sie sehr geeignet f\u00fcr Duschkabinen oder Trennw\u00e4nde in z.B. Sporthallen. Auch durch die gro\u00dfen vandalismusbest\u00e4ndigen Eigenschaften werden Umkleidekabine und Kleidungsschr\u00e4nke auch oft aus diesem Material gebaut. Auch lieferbar in hochs\u00e4urebest\u00e4ndige Qualit\u00e4t speziell f\u00fcr z.B. Labore oder Chemielokale.<\/span><\/div>\n<\/td>\n<\/tr>\n<tr>\n<td width=\"2%\"><img decoding=\"async\" src=\"http:\/\/www.fiberboards.eu\/images\/space.gif\" \/><\/td>\n<td width=\"2%\"><img decoding=\"async\" src=\"http:\/\/www.fiberboards.eu\/images\/space.gif\" \/><\/td>\n<td valign=\"top\" width=\"2%\">\n<div><span style=\"font-size: small;\">6.<\/span><\/div>\n<\/td>\n<td>\n<div><span style=\"font-size: small;\">Compact Exterieur (von 2 bis zum 13 mm). Sehr gut geeignet als Wandverkleidung drau\u00dfen oder als Kehlleiste. In glatte Ausf\u00fchrung sehr gut zu verwenden als Werbebande(z.B.um Sportfelder) da sie gut beklebt werden k\u00f6nnen und stabil sind.<\/span><\/div>\n<\/td>\n<\/tr>\n<tr>\n<td width=\"2%\"><img decoding=\"async\" src=\"http:\/\/www.fiberboards.eu\/images\/space.gif\" \/><\/td>\n<td width=\"2%\"><img decoding=\"async\" src=\"http:\/\/www.fiberboards.eu\/images\/space.gif\" \/><\/td>\n<td valign=\"top\" width=\"2%\">\n<div><span style=\"font-size: small;\">7.<\/span><\/div>\n<\/td>\n<td>\n<div><span style=\"font-size: small;\">HPL Platten durch und durch einfarbig oder wenn man m\u00f6chte auch mit verschiedene Innenfarben (z.B. beim Fr\u00e4sen der Oberfl\u00e4che lassen sich sch\u00f6ne Muster ins Material einarbeiten).<\/span><\/div>\n<\/td>\n<\/tr>\n<tr>\n<td width=\"2%\"><img decoding=\"async\" src=\"http:\/\/www.fiberboards.eu\/images\/space.gif\" \/><\/td>\n<td width=\"2%\"><img decoding=\"async\" src=\"http:\/\/www.fiberboards.eu\/images\/space.gif\" \/><\/td>\n<td valign=\"top\" width=\"2%\">\n<div><span style=\"font-size: small;\">8.<\/span><\/div>\n<\/td>\n<td>\n<div><span style=\"font-size: small;\">Schrauben und Nageln um die Platten zu verwenden.<\/span><\/div>\n<\/td>\n<\/tr>\n<tr>\n<td width=\"2%\"><img decoding=\"async\" src=\"http:\/\/www.fiberboards.eu\/images\/space.gif\" \/><\/td>\n<td width=\"2%\"><img decoding=\"async\" src=\"http:\/\/www.fiberboards.eu\/images\/space.gif\" \/><\/td>\n<td valign=\"top\" width=\"2%\">\n<div><span style=\"font-size: small;\">9.<\/span><\/div>\n<\/td>\n<td>\n<div><span style=\"font-size: small;\">Compact Leim zur Verleimung der Platten.<\/span><\/div>\n<\/td>\n<\/tr>\n<\/tbody>\n<\/table>\n<\/div><\/section>\n","protected":false},"excerpt":{"rendered":"","protected":false},"author":1,"featured_media":0,"parent":0,"menu_order":0,"comment_status":"closed","ping_status":"closed","template":"","meta":{"footnotes":""},"class_list":["post-160","page","type-page","status-publish","hentry"],"_links":{"self":[{"href":"https:\/\/fiberboards.ictserviceommen.nl\/de\/wp-json\/wp\/v2\/pages\/160","targetHints":{"allow":["GET"]}}],"collection":[{"href":"https:\/\/fiberboards.ictserviceommen.nl\/de\/wp-json\/wp\/v2\/pages"}],"about":[{"href":"https:\/\/fiberboards.ictserviceommen.nl\/de\/wp-json\/wp\/v2\/types\/page"}],"author":[{"embeddable":true,"href":"https:\/\/fiberboards.ictserviceommen.nl\/de\/wp-json\/wp\/v2\/users\/1"}],"replies":[{"embeddable":true,"href":"https:\/\/fiberboards.ictserviceommen.nl\/de\/wp-json\/wp\/v2\/comments?post=160"}],"version-history":[{"count":7,"href":"https:\/\/fiberboards.ictserviceommen.nl\/de\/wp-json\/wp\/v2\/pages\/160\/revisions"}],"predecessor-version":[{"id":438,"href":"https:\/\/fiberboards.ictserviceommen.nl\/de\/wp-json\/wp\/v2\/pages\/160\/revisions\/438"}],"wp:attachment":[{"href":"https:\/\/fiberboards.ictserviceommen.nl\/de\/wp-json\/wp\/v2\/media?parent=160"}],"curies":[{"name":"wp","href":"https:\/\/api.w.org\/{rel}","templated":true}]}}